{"id":1981,"date":"2020-03-25T14:57:59","date_gmt":"2020-03-25T14:57:59","guid":{"rendered":"http:\/\/www.isispharma.com\/?page_id=1981"},"modified":"2025-07-30T09:50:43","modified_gmt":"2025-07-30T09:50:43","slug":"politica-de-privacidad","status":"publish","type":"page","link":"https:\/\/www.isispharma.com\/es\/politica-de-privacidad\/","title":{"rendered":"Pol\u00edtica de privacidad"},"content":{"rendered":"<div class=\"introduction\">\n<p><span style=\"font-weight: 400;\">Comprometidos con salvaguardar la informaci\u00f3n personal de cada uno de nuestros clientes, acordamos especial importancia al procesamiento de los datos de car\u00e1cter personal que se nos transmiten.<\/span><\/p>\n<\/div>\n<p>Mediante la presente Pol\u00edtica de privacidad de los datos personales, es decir, los datos que nos permiten directamente o indirectamente conocer la identificaci\u00f3n de los usuarios, buscamos aclarar y explicar: la naturaleza de los datos recaudados, la manera en que estos son procesados, las medidas instauradas para asegurar la seguridad de los mismos as\u00ed como los derechos que de ellos emanan.<\/p>\n<p>Acatamos las normas europeas y francesas de protecci\u00f3n de los Datos personales y de la vida privada (Reglamento (UE) 2016\/679 del Parlamento europeo y del Consejo del 27 de abril de 2016 y le ley francesa \u201cInform\u00e1tica &amp; Libertades\u201d n\u00b0 78-17 del 6 de enero de 1978, modificada).<\/p>\n<p>La sociedad ISISPHARMA cuenta con un sistema inform\u00e1tico destinado a recaudar y salvaguardar los datos personales de los Usuarios (visitantes de la p\u00e1gina web, consumidores de nuestros productos). La Pol\u00edtica de privacidad de los datos personales provee informaci\u00f3n sobre la manera en que los datos personales son tratados (junto con la asistencia de nuestros prestadores de servicios) en el seno de la sociedad Isispharma. Estos datos incluyen los datos de navegaci\u00f3n y los datos de informaci\u00f3n personal al momento de consultar, visitar y hacer uso de los servicios que aparecen en el Sitio web.<\/p>\n<p>Las empresas del Grupo Dewavrin Cosmetics encargadas de salvaguardar los datos personales de los Usuarios son las siguiente:<\/p>\n<ul>\n<li><strong>Isispharma France SAS<\/strong>, #29 avenue de la Marne, Parc des 3 Ch\u00eanes &#8211; 59290 Wasquehal.<\/li>\n<li><strong>Isispharma Gmbh, Bahnhofstrasse<\/strong> #12 &#8211; 3900 Brig, Suiza.<\/li>\n<\/ul>\n<p>Los datos personales de los Usuarios tambi\u00e9n podr\u00e1n ser comunicados a nuestros socios comerciales con fines comerciales, de marketing o promocionales, usando m\u00e9todos tradicionales o automatizados.<\/p>\n<p>Nuestra Pol\u00edtica de privacidad es susceptible a cambios en todo momento y dichas modificaciones tendr\u00e1n un efecto inmediato. Invitamos a los Usuarios a tomar consciencia y leer regularmente la versi\u00f3n m\u00e1s reciente de nuestra Pol\u00edtica de privacidad.<\/p>\n<p>Al hacer uso de nuestro Sito web, el Usuario declara aceptar los t\u00e9rminos de la presente Pol\u00edtica de privacidad y otorga su consentimiento para que nosotros recaudemos, hagamos uso y transmitamos sus datos personales (proporcionados de manera directa o indirectamente) conforme a esta Pol\u00edtica de privacidad. En caso de no estar de acuerdo con los t\u00e9rminos de nuestra Pol\u00edtica de privacidad, favor de no hacer uso del Sitio web.<\/p>\n<p>&nbsp;<\/p>\n<h3>Procesamiento &amp; destinatarios de los datos personales<\/h3>\n<p>&nbsp;<\/p>\n<p>La informaci\u00f3n personal recaudada es procesada y analizada con el objetivo de tratar las demandas y reclamaciones que aparecen en nuestra p\u00e1gina web. La informaci\u00f3n personal incluye : correo electr\u00f3nico, c\u00f3digo postal, n\u00famero de tel\u00e9fono y navegaci\u00f3n de la terminal.<br \/>\nDichos datos son procesados, de manera completamente an\u00f3nima, con fines estad\u00edsticos y profesionales.<br \/>\nConforme a la reglamentaci\u00f3n europea, ISISPHARMA garantiza que los datos personales recaudados nos ser\u00e1n transmitidos a otros pa\u00edses que no acaten la reglamentaci\u00f3n europea sobre los datos personales.<\/p>\n<p>Los datos personales que se nos hayan comunicado durante el acceso o uso del Sitio web o de los servicios que en \u00e9l aparecen son salvaguardados en nuestra base de datos. Es decir, los datos personales recaudados son susceptible a ser usados por nosotros mismos y por las empresas subyacentes del Grupo Dewavrin Cosmetics, con el fin de proporcionar informaci\u00f3n actualizada sobre los servicios a los que est\u00e1 inscrito el Usuario, as\u00ed como las ofertas del momento.<\/p>\n<p>Los datos personales son transmitidos, \u00fanicamente tras recibir su consentimiento expreso, a terceros para que estos hagan uso de ellos por cuenta propia o por medio de subyacentes. Los destinatarios de los datos personales pueden ser: las empresas socias, los marketplaces, los prestadores de servicios de log\u00edstica y transporte, las autoridades legales en caso de fraude, los socios comerciales, las agencias de mercadotecnia y publicitarias o incluso la empresa encargada del alojamiento web.<\/p>\n<p>La recaudaci\u00f3n de la datos personales y su eventual transmisi\u00f3n concierne:<\/p>\n<ul>\n<li>La lucha contra las actividades fraudulentas y el acatamiento de las obligaciones legales,<\/li>\n<li>La gesti\u00f3n de las llamadas telef\u00f3nicas, su registro eventual y el env\u00edo de los correos postales,<\/li>\n<li>La personalizaci\u00f3n de los contenidos de los sitios web y las aplicaciones de los tel\u00e9fonos m\u00f3viles,<\/li>\n<li>Las actualizaciones para el buen mantenimiento y desarrollo t\u00e9cnico del Sitio web,<\/li>\n<li>La recopilaci\u00f3n de los comentarios y opiniones de los clientes,<\/li>\n<li>La localizaci\u00f3n y el alojamiento web.<\/li>\n<\/ul>\n<p>&nbsp;<\/p>\n<h3>Tiempo que permanecen los datos de car\u00e1cter personal salvaguardados &amp; derecho al acceso y a la rectificaci\u00f3n<\/h3>\n<p>&nbsp;<\/p>\n<p>El tiempo que los datos personales son conservados var\u00eda en funci\u00f3n de la finalidad por la que fueron recaudados y procesados en primera instancia.<br \/>\nDe esta manera, los datos personales que son necesarios para cumplir con nuestras obligaciones legales son conservados durante el tiempo que se necesite para cumplir con dichas obligaciones legales. Por ejemplo, la informaci\u00f3n debe ser salvaguardada por un periodo de 10 a\u00f1os a partir de la \u00faltima fecha en que un producto fue lanzado al mercado en caso de verse obligados a responder alguna reclamaci\u00f3n ligada al modo de empleo de dicho producto.<\/p>\n<p>Los datos personales son conservados por un periodo de 3 a\u00f1os para cualquier otro demanda (candidaturas enviadas, informaci\u00f3n solicitada sobre alg\u00fan producto \u2026).<br \/>\nCon respecto a las cookies, la informaci\u00f3n permanece guardada por un periodo de 13 meses.<br \/>\nLos datos personales recopilados con motivos de an\u00e1lisis estad\u00edsticos son an\u00f3nimos y por lo tanto, pueden ser conservados tanto tiempo como sean \u00fatiles.<\/p>\n<p>El Usuario tiene derecho al acceso, a la rectificaci\u00f3n, a la portabilidad, a la eliminaci\u00f3n o a un l\u00edmite de procesamiento de los datos personales.<br \/>\nPara m\u00e1s informaci\u00f3n sobre el procesamiento de los datos personales, para oponerse a dicho procesamiento y ejercer sus derechos, se pone a disposici\u00f3n el siguiente correo electr\u00f3nico: <a href=\"mailto:donneespersonnelles@isispharma.com\">donneespersonnelles@isispharma.com<\/a>.<\/p>\n<p>El Usuario tambi\u00e9n tiene la posibilidad de realizar una reclamaci\u00f3n frente a la <a href=\"https:\/\/www.cnil.fr\/\">CNIL<\/a> (Comisi\u00f3n nacional de inform\u00e1tica y sus libertades francesa).<\/p>\n","protected":false},"excerpt":{"rendered":"<p>Comprometidos con salvaguardar la informaci\u00f3n personal de cada uno de nuestros clientes, acordamos especial importancia al procesamiento de los datos de car\u00e1cter personal que se nos transmiten. Mediante la presente Pol\u00edtica de privacidad de los datos personales, es decir, los datos que nos permiten directamente o indirectamente conocer la identificaci\u00f3n de los usuarios, buscamos aclarar [&hellip;]<\/p>\n","protected":false},"author":3,"featured_media":1486,"parent":0,"menu_order":16,"comment_status":"closed","ping_status":"closed","template":"","meta":{"footnotes":""},"acf":[],"yoast_head":"<!-- This site is optimized with the Yoast SEO plugin v22.8 - https:\/\/yoast.com\/wordpress\/plugins\/seo\/ -->\n<title>Pol\u00edtica de privacidad - Isispharma<\/title>\n<meta name=\"robots\" content=\"index, follow, max-snippet:-1, max-image-preview:large, max-video-preview:-1\" \/>\n<link rel=\"canonical\" href=\"https:\/\/www.isispharma.com\/es\/politica-de-privacidad\/\" \/>\n<meta property=\"og:locale\" content=\"es_ES\" \/>\n<meta property=\"og:type\" content=\"article\" \/>\n<meta property=\"og:title\" content=\"Pol\u00edtica de privacidad - Isispharma\" \/>\n<meta property=\"og:description\" content=\"Comprometidos con salvaguardar la informaci\u00f3n personal de cada uno de nuestros clientes, acordamos especial importancia al procesamiento de los datos de car\u00e1cter personal que se nos transmiten. Mediante la presente Pol\u00edtica de privacidad de los datos personales, es decir, los datos que nos permiten directamente o indirectamente conocer la identificaci\u00f3n de los usuarios, buscamos aclarar [&hellip;]\" \/>\n<meta property=\"og:url\" content=\"https:\/\/www.isispharma.com\/es\/politica-de-privacidad\/\" \/>\n<meta property=\"og:site_name\" content=\"Isispharma\" \/>\n<meta property=\"article:modified_time\" content=\"2025-07-30T09:50:43+00:00\" \/>\n<meta property=\"og:image\" content=\"https:\/\/www.isispharma.com\/wp-content\/uploads\/2020\/02\/mentions.jpg\" \/>\n\t<meta property=\"og:image:width\" content=\"1950\" \/>\n\t<meta property=\"og:image:height\" content=\"1300\" \/>\n\t<meta property=\"og:image:type\" content=\"image\/jpeg\" \/>\n<meta name=\"twitter:card\" content=\"summary_large_image\" \/>\n<meta name=\"twitter:label1\" content=\"Tiempo de lectura\" \/>\n\t<meta name=\"twitter:data1\" content=\"5 minutos\" \/>\n<script type=\"application\/ld+json\" class=\"yoast-schema-graph\">{\"@context\":\"https:\/\/schema.org\",\"@graph\":[{\"@type\":\"WebPage\",\"@id\":\"https:\/\/www.isispharma.com\/es\/politica-de-privacidad\/\",\"url\":\"https:\/\/www.isispharma.com\/es\/politica-de-privacidad\/\",\"name\":\"Pol\u00edtica de privacidad - Isispharma\",\"isPartOf\":{\"@id\":\"https:\/\/www.isispharma.com\/es\/#website\"},\"primaryImageOfPage\":{\"@id\":\"https:\/\/www.isispharma.com\/es\/politica-de-privacidad\/#primaryimage\"},\"image\":{\"@id\":\"https:\/\/www.isispharma.com\/es\/politica-de-privacidad\/#primaryimage\"},\"thumbnailUrl\":\"https:\/\/www.isispharma.com\/wp-content\/uploads\/2020\/02\/mentions.jpg\",\"datePublished\":\"2020-03-25T14:57:59+00:00\",\"dateModified\":\"2025-07-30T09:50:43+00:00\",\"breadcrumb\":{\"@id\":\"https:\/\/www.isispharma.com\/es\/politica-de-privacidad\/#breadcrumb\"},\"inLanguage\":\"es\",\"potentialAction\":[{\"@type\":\"ReadAction\",\"target\":[\"https:\/\/www.isispharma.com\/es\/politica-de-privacidad\/\"]}]},{\"@type\":\"ImageObject\",\"inLanguage\":\"es\",\"@id\":\"https:\/\/www.isispharma.com\/es\/politica-de-privacidad\/#primaryimage\",\"url\":\"https:\/\/www.isispharma.com\/wp-content\/uploads\/2020\/02\/mentions.jpg\",\"contentUrl\":\"https:\/\/www.isispharma.com\/wp-content\/uploads\/2020\/02\/mentions.jpg\",\"width\":1950,\"height\":1300},{\"@type\":\"BreadcrumbList\",\"@id\":\"https:\/\/www.isispharma.com\/es\/politica-de-privacidad\/#breadcrumb\",\"itemListElement\":[{\"@type\":\"ListItem\",\"position\":1,\"item\":{\"type\":\"Thing\",\"id\":\"https:\/\/www.isispharma.com\/es\/\",\"name\":\"Accueil\"}},{\"@type\":\"ListItem\",\"position\":2,\"item\":{\"type\":\"Thing\",\"id\":\"https:\/\/www.isispharma.com\/es\/wp-json\/wp\/v2\/pages\/1981\/\",\"name\":\"Pol\u00edtica de privacidad\"}}]},{\"@type\":\"WebSite\",\"@id\":\"https:\/\/www.isispharma.com\/es\/#website\",\"url\":\"https:\/\/www.isispharma.com\/es\/\",\"name\":\"Isispharma\",\"description\":\"Dermatologie\",\"publisher\":{\"@id\":\"https:\/\/www.isispharma.com\/es\/#organization\"},\"potentialAction\":[{\"@type\":\"SearchAction\",\"target\":{\"@type\":\"EntryPoint\",\"urlTemplate\":\"https:\/\/www.isispharma.com\/es\/?s={search_term_string}\"},\"query-input\":\"required name=search_term_string\"}],\"inLanguage\":\"es\"}]}<\/script>\n<!-- \/ Yoast SEO plugin. -->","yoast_head_json":{"title":"Pol\u00edtica de privacidad - Isispharma","robots":{"index":"index","follow":"follow","max-snippet":"max-snippet:-1","max-image-preview":"max-image-preview:large","max-video-preview":"max-video-preview:-1"},"canonical":"https:\/\/www.isispharma.com\/es\/politica-de-privacidad\/","og_locale":"es_ES","og_type":"article","og_title":"Pol\u00edtica de privacidad - Isispharma","og_description":"Comprometidos con salvaguardar la informaci\u00f3n personal de cada uno de nuestros clientes, acordamos especial importancia al procesamiento de los datos de car\u00e1cter personal que se nos transmiten. Mediante la presente Pol\u00edtica de privacidad de los datos personales, es decir, los datos que nos permiten directamente o indirectamente conocer la identificaci\u00f3n de los usuarios, buscamos aclarar [&hellip;]","og_url":"https:\/\/www.isispharma.com\/es\/politica-de-privacidad\/","og_site_name":"Isispharma","article_modified_time":"2025-07-30T09:50:43+00:00","og_image":[{"width":1950,"height":1300,"url":"https:\/\/www.isispharma.com\/wp-content\/uploads\/2020\/02\/mentions.jpg","type":"image\/jpeg"}],"twitter_card":"summary_large_image","twitter_misc":{"Tiempo de lectura":"5 minutos"},"schema":{"@context":"https:\/\/schema.org","@graph":[{"@type":"WebPage","@id":"https:\/\/www.isispharma.com\/es\/politica-de-privacidad\/","url":"https:\/\/www.isispharma.com\/es\/politica-de-privacidad\/","name":"Pol\u00edtica de privacidad - Isispharma","isPartOf":{"@id":"https:\/\/www.isispharma.com\/es\/#website"},"primaryImageOfPage":{"@id":"https:\/\/www.isispharma.com\/es\/politica-de-privacidad\/#primaryimage"},"image":{"@id":"https:\/\/www.isispharma.com\/es\/politica-de-privacidad\/#primaryimage"},"thumbnailUrl":"https:\/\/www.isispharma.com\/wp-content\/uploads\/2020\/02\/mentions.jpg","datePublished":"2020-03-25T14:57:59+00:00","dateModified":"2025-07-30T09:50:43+00:00","breadcrumb":{"@id":"https:\/\/www.isispharma.com\/es\/politica-de-privacidad\/#breadcrumb"},"inLanguage":"es","potentialAction":[{"@type":"ReadAction","target":["https:\/\/www.isispharma.com\/es\/politica-de-privacidad\/"]}]},{"@type":"ImageObject","inLanguage":"es","@id":"https:\/\/www.isispharma.com\/es\/politica-de-privacidad\/#primaryimage","url":"https:\/\/www.isispharma.com\/wp-content\/uploads\/2020\/02\/mentions.jpg","contentUrl":"https:\/\/www.isispharma.com\/wp-content\/uploads\/2020\/02\/mentions.jpg","width":1950,"height":1300},{"@type":"BreadcrumbList","@id":"https:\/\/www.isispharma.com\/es\/politica-de-privacidad\/#breadcrumb","itemListElement":[{"@type":"ListItem","position":1,"item":{"type":"Thing","id":"https:\/\/www.isispharma.com\/es\/","name":"Accueil"}},{"@type":"ListItem","position":2,"item":{"type":"Thing","id":"https:\/\/www.isispharma.com\/es\/wp-json\/wp\/v2\/pages\/1981\/","name":"Pol\u00edtica de privacidad"}}]},{"@type":"WebSite","@id":"https:\/\/www.isispharma.com\/es\/#website","url":"https:\/\/www.isispharma.com\/es\/","name":"Isispharma","description":"Dermatologie","publisher":{"@id":"https:\/\/www.isispharma.com\/es\/#organization"},"potentialAction":[{"@type":"SearchAction","target":{"@type":"EntryPoint","urlTemplate":"https:\/\/www.isispharma.com\/es\/?s={search_term_string}"},"query-input":"required name=search_term_string"}],"inLanguage":"es"}]}},"_links":{"self":[{"href":"https:\/\/www.isispharma.com\/es\/wp-json\/wp\/v2\/pages\/1981"}],"collection":[{"href":"https:\/\/www.isispharma.com\/es\/wp-json\/wp\/v2\/pages"}],"about":[{"href":"https:\/\/www.isispharma.com\/es\/wp-json\/wp\/v2\/types\/page"}],"author":[{"embeddable":true,"href":"https:\/\/www.isispharma.com\/es\/wp-json\/wp\/v2\/users\/3"}],"replies":[{"embeddable":true,"href":"https:\/\/www.isispharma.com\/es\/wp-json\/wp\/v2\/comments?post=1981"}],"version-history":[{"count":4,"href":"https:\/\/www.isispharma.com\/es\/wp-json\/wp\/v2\/pages\/1981\/revisions"}],"predecessor-version":[{"id":6304,"href":"https:\/\/www.isispharma.com\/es\/wp-json\/wp\/v2\/pages\/1981\/revisions\/6304"}],"wp:featuredmedia":[{"embeddable":true,"href":"https:\/\/www.isispharma.com\/es\/wp-json\/wp\/v2\/media\/1486"}],"wp:attachment":[{"href":"https:\/\/www.isispharma.com\/es\/wp-json\/wp\/v2\/media?parent=1981"}],"curies":[{"name":"wp","href":"https:\/\/api.w.org\/{rel}","templated":true}]}}