{"id":1979,"date":"2020-03-25T14:48:27","date_gmt":"2020-03-25T14:48:27","guid":{"rendered":"http:\/\/www.isispharma.com\/?page_id=1979"},"modified":"2024-06-28T13:48:43","modified_gmt":"2024-06-28T13:48:43","slug":"cgu","status":"publish","type":"page","link":"https:\/\/www.isispharma.com\/es\/cgu\/","title":{"rendered":"CGU"},"content":{"rendered":"<div class=\"introduction\">\n<p><span style=\"font-weight: 400;\">Extendemos la m\u00e1s cordial bienvenida a los usuarios del sitio web <\/span><a href=\"http:\/\/www.isispharma.fr\/\"><span style=\"font-weight: 400;\">http:\/\/www.isispharma.fr\/<\/span><\/a><span style=\"font-weight: 400;\">, desarrollado por la sociedad ISISPHARMA FRANCE y para dar a conocer los productos del laboratorio ISISPHARMA.\u00a0<\/span><\/p>\n<\/div>\n<p>Las presentes condiciones generales de uso (aqu\u00ed denominadas \u201cCondiciones de uso\u201d) son celebradas entre cada internauta que haga uso de la p\u00e1gina web (aqu\u00ed denominado \u201cUsuario\u201d) y el sitio \u201cIsispharma.fr\u201d, aqu\u00ed denominado \u201cSitio web\u201d o \u201cIsispharma.fr\u201d desarrollado por la sociedad ISISPHARMA FRANCE. (lo ideal ser\u00eda que aqu\u00ed, se redirigiera hacia la r\u00fabrica \u201cAviso legal\u201d donde figura la informaci\u00f3n de la empresa).<\/p>\n<p>Dichas Condiciones de uso tienen por objeto delimitar el margen jur\u00eddico de las modalidades puestas a disposici\u00f3n a trav\u00e9s de los servicios del sitio web Isispharma.fr; y definir las condiciones de acceso y uso de los servicios accedidos por el Usuario.<\/p>\n<p>El uso del Sitio web implica una aceptaci\u00f3n previa y sin reserva de las presentes Condiciones de uso por parte del Usuario. En caso de no aceptar dichas Condiciones de uso, el Usuario deber\u00e1 renunciar el acceso a los servicios propuestos por el Sitio web.<\/p>\n<p>Isispharma.fr se reserva el derecho a modificar de manera unilateral y en todo momento el contenido que figura en las Condiciones de uso. Por consiguiente, se entiende que las condiciones aplicables son aquellas que est\u00e1n en vigor en el Sitio web y en el momento de su uso.<\/p>\n<h3>1. Acceso al Sitio web<\/h3>\n<p>&nbsp;<\/p>\n<p>El Sitio web Isispharma.fr fue creado para proveer informaci\u00f3n concerniente al laboratorio dermatol\u00f3gico ISISPHARMA, sus valores, sus servicios, sus comunicados y sus productos cosm\u00e9ticos.<\/p>\n<p>El Sitio web le permite al Usuario tener acceso a los siguientes servicios:<br \/>\nInformaci\u00f3n referente a los productos del laboratorio Isispharma,<\/p>\n<p>Informaci\u00f3n de orden general sobre las patolog\u00edas dermatol\u00f3gicas,<\/p>\n<p>Informaci\u00f3n referente a la localizaci\u00f3n de los productos,<\/p>\n<p>Contenidos did\u00e1cticos en relaci\u00f3n a la dermocosm\u00e9tica.<\/p>\n<p>Se puede acceder al Sitio web de manera gratuita en cualquier lugar y por cualquier Usuario que goce de una conexi\u00f3n a Internet. Todos los gastos derivados que resultan del acceso al Sitio web realizados por el Usuario (material inform\u00e1tico, softwares, conexi\u00f3n a Internet, etc.) quedan bajo responsabilidad del mismo.<\/p>\n<p>El Sitio web pone en marcha todos los medios posibles para garantizar un acceso seguro a todos sus servicios. Teniendo en cuenta que la obligaci\u00f3n reside en los medios, el Sitio web no se hace responsable por no obtener dicho resultado. Toda situaci\u00f3n de fuerza mayor que tenga como consecuencia un disfuncionamiento t\u00e9cnico, de red el\u00e9ctrica o del servidor no es responsabilidad de Isispharma.fr.<\/p>\n<p>El acceso a los servicios del Sitio web puede ser interrumpido y\/o modificado en todo momento y sin previo aviso, ya sea por razones de mantenimiento o de otra naturaleza. El Usuario no podr\u00e1 exigir ninguna indemnizaci\u00f3n bajo motivos de interrupci\u00f3n, suspensi\u00f3n o modificaci\u00f3n del Sitio web.<\/p>\n<p>El Usuario tiene la posibilidad de contactar directamente al Sitio web a trav\u00e9s de la mensajer\u00eda electr\u00f3nica con el <a href=\"https:\/\/www.isispharma.com\/es\/contacto\/\">formulario de contacto<\/a>.<\/p>\n<h3>2. Derechos de autor<\/h3>\n<p>&nbsp;<\/p>\n<p>La sociedad ISISPHARMA FRANCE pertenece al Grupo Dewavrin Cosmetics, este \u00faltimo designa el conjunto de empresas que pertenecen de manera directa o indirectamente a la sociedad DEWAVRIN COSMETICS SAS.<\/p>\n<p>El presente Sitio web y todos sus elementos (concretamente las marcas, dise\u00f1os, logos, modelos, gr\u00e1ficas, im\u00e1genes, sonidos, videos&#8230;) as\u00ed como su compilaci\u00f3n y ejecuci\u00f3n, en forma de contenido que se pueda descargar y todo otro contenido presente en el Sitio web son propiedad de ISISPHARMA FRANCE y\/o de las sociedades que constituyan el Grupo Dewavrin Cosmetics.<\/p>\n<p>El Usuario tiene prohibido difundir o reproducir de manera parcial o total el Sitio web en cualquiera de sus formas sin tener autorizaci\u00f3n expresa y previa por parte de ISISPHARMA FRANCE. Consultar el Sitio web no confiere al Usuario ning\u00fan derecho que no sea el de la consultaci\u00f3n del Sitio web con fines de uso estrictamente personales, privados y no comerciales.<\/p>\n<p>Si procede, el Usuario solicitar\u00e1 v\u00eda la r\u00fabrica <a href=\"https:\/\/www.isispharma.com\/es\/contacto\/\">contacto<\/a> una autorizaci\u00f3n previa a ISISPHARMA FRANCE para realizar cualquier reproducci\u00f3n, publicaci\u00f3n o copia de los contenidos del Sitio web. Asimismo, dicho uso ser\u00e1 estrictamente privado, y queda prohibido cualquier uso del contenido del Sitio web con fines comerciales o publicitarios.<\/p>\n<p>Se recuerda que conforme al art\u00edculo L. 122-5 del C\u00f3digo de la propiedad intelectual franc\u00e9s (CPI), el Usuario que reproduce, copia o publica el contenido protegido por el derecho de autor debe por ende citar el nombre del autor y su fuente. Toda reproducci\u00f3n, total o parcial, del Sitio web y en cualquiera de sus formas sin autorizaci\u00f3n expresa con fines de explotaci\u00f3n constituir\u00e1 un delito sancionado por la ley bajo el art\u00edculo L. 335-2 del CPI.<\/p>\n<h3>3. Responsabilidad y casos de fuerza mayor<\/h3>\n<p>&nbsp;<\/p>\n<p>Las fuentes de informaci\u00f3n difundidas por el Sitio web Isispharma.fr se consideran fiables. Sin embargo, el Sitio web no garantiza que est\u00e9 exento de fallas, errores u omisiones.<\/p>\n<p>La informaci\u00f3n que figura en el Sitio web tiene \u00fanicamente por objeto informar y orientar de manera general y no guarda ning\u00fan valor contractual. Sus contenidos no constituyen una oferta de venta en s\u00ed misma.<\/p>\n<p>Adicionalmente, dicha informaci\u00f3n no constituye en ning\u00fan caso un diagn\u00f3stico o dictamen m\u00e9dico y no dispensa al Usuario de consultar a un profesional de la salud. (m\u00e9dico, farmac\u00e9utico\u2026). As\u00ed, el Usuario asume total responsabilidad del uso que le d\u00e9 a la informaci\u00f3n y contenido, que figure en el Sitio web.<\/p>\n<p>Pese a las actualizaciones regulares a las cuales el Sitio web est\u00e1 sujeto, Isispharma.fr no se hace responsable de las modificaciones de los dispositivos administrativos y jur\u00eddicos posteriores a la publicaci\u00f3n. De igual manera, el Sitio web no puede hacerse responsable del uso e interpretaci\u00f3n de la informaci\u00f3n que figura en este Sitio web.<\/p>\n<p>Isispharma.fr no se hace responsable del incumplimiento de las disposiciones legales del contenido que aparezca en el Sitio web de otros pa\u00edses donde los Usuarios pudieran residir. Esto tambi\u00e9n incluye los casos en que ciertos productos no estuvieran disponibles en dichos pa\u00edses y que pudieran resultar no conformes con la reglamentaci\u00f3n local.<\/p>\n<p>El Sitio web Isispharma.fr no se hace responsable de incidentes eventuales, errores inform\u00e1ticos o virus que puedan infectar o da\u00f1ar las computadoras u ordenadores de los Usuarios tras utilizar, acceder o descargar alg\u00fan contenido proveniente del Sitio web.<\/p>\n<p>A pesar de que el Sitio web pone en marcha todos los medios posibles para garantizar la m\u00e1xima seguridad y confidencialidad en el procesamiento de los datos personales del Usuario, la responsabilidad del Sitio web es nula ante casos de fuerza mayor, imprevisibles y p\u00e9rdidas totales de un tercero.<\/p>\n<p>Te invitamos a indicarnos cualquier error u omisi\u00f3n de los cuales te puedas percatar al visitar el Sitio web utilizando el siguiente correo electr\u00f3nico: <a href=\"mailto:digital@isispharma.com\"><strong>digital@isispharma.com<\/strong><\/a> y haremos todo lo que est\u00e9 en nuestras manos por rectificar los errores lo antes posible.<\/p>\n<h3>4. Enlaces hipertexto<\/h3>\n<p>&nbsp;<\/p>\n<p>Los enlaces hipertexto pueden estar presentes en el Sitio web. Se le hace saber al Usuario que al hacer clic en dichos enlaces autom\u00e1ticamente saldr\u00e1 del Sitio web Isispharma.fr, y este \u00faltimo no tendr\u00e1 control alguno sobre las p\u00e1ginas web a las cuales lleven dichos enlaces y por lo tanto no se hace responsable en ning\u00fan caso del contenido de las mismas.<\/p>\n<p>El Usuario tiene prohibido atribuir responsabilidad alguna al Sitio web sobre el contenido y recursos relativos a dichos enlaces.<\/p>\n<p>Cualquier tercero que desee agregar enlaces hipertexto al Sito web deber\u00e1 obtener una autorizaci\u00f3n expresa, escrita y previa por parte de ISISPHARMA FRANCE. Todas las demandas de autorizaci\u00f3n deber\u00e1n realizarse a trav\u00e9s del siguiente correo electr\u00f3nico: <strong><a href=\"mailto:digital@isispharma.com\">digital@isispharma.com<\/a>.<\/strong><\/p>\n<h3>5. Derecho aplicable y jurisdicci\u00f3n competente<\/h3>\n<p>&nbsp;<\/p>\n<p>Las presentes Condiciones de uso se rigen por el derecho franc\u00e9s y est\u00e1n sujetas exclusivamente a la competencia de los tribunales en Francia. En caso dado de que dichas condiciones sean traducidas a uno o varios idiomas, solo el texto en franc\u00e9s tendr\u00e1 validez en caso de litigio.<\/p>\n<div class=\"introduction\"><\/div>\n","protected":false},"excerpt":{"rendered":"<p>Extendemos la m\u00e1s cordial bienvenida a los usuarios del sitio web http:\/\/www.isispharma.fr\/, desarrollado por la sociedad ISISPHARMA FRANCE y para dar a conocer los productos del laboratorio ISISPHARMA.\u00a0 Las presentes condiciones generales de uso (aqu\u00ed denominadas \u201cCondiciones de uso\u201d) son celebradas entre cada internauta que haga uso de la p\u00e1gina web (aqu\u00ed denominado \u201cUsuario\u201d) y [&hellip;]<\/p>\n","protected":false},"author":3,"featured_media":1486,"parent":0,"menu_order":15,"comment_status":"closed","ping_status":"closed","template":"","meta":{"footnotes":""},"acf":[],"yoast_head":"<!-- This site is optimized with the Yoast SEO plugin v22.8 - https:\/\/yoast.com\/wordpress\/plugins\/seo\/ -->\n<title>CGU - Isispharma<\/title>\n<meta name=\"robots\" content=\"index, follow, max-snippet:-1, max-image-preview:large, max-video-preview:-1\" \/>\n<link rel=\"canonical\" href=\"https:\/\/www.isispharma.com\/es\/cgu\/\" \/>\n<meta property=\"og:locale\" content=\"es_ES\" \/>\n<meta property=\"og:type\" content=\"article\" \/>\n<meta property=\"og:title\" content=\"CGU - Isispharma\" \/>\n<meta property=\"og:description\" content=\"Extendemos la m\u00e1s cordial bienvenida a los usuarios del sitio web http:\/\/www.isispharma.fr\/, desarrollado por la sociedad ISISPHARMA FRANCE y para dar a conocer los productos del laboratorio ISISPHARMA.\u00a0 Las presentes condiciones generales de uso (aqu\u00ed denominadas \u201cCondiciones de uso\u201d) son celebradas entre cada internauta que haga uso de la p\u00e1gina web (aqu\u00ed denominado \u201cUsuario\u201d) y [&hellip;]\" \/>\n<meta property=\"og:url\" content=\"https:\/\/www.isispharma.com\/es\/cgu\/\" \/>\n<meta property=\"og:site_name\" content=\"Isispharma\" \/>\n<meta property=\"article:modified_time\" content=\"2024-06-28T13:48:43+00:00\" \/>\n<meta property=\"og:image\" content=\"https:\/\/www.isispharma.com\/wp-content\/uploads\/2020\/02\/mentions.jpg\" \/>\n\t<meta property=\"og:image:width\" content=\"1950\" \/>\n\t<meta property=\"og:image:height\" content=\"1300\" \/>\n\t<meta property=\"og:image:type\" content=\"image\/jpeg\" \/>\n<meta name=\"twitter:card\" content=\"summary_large_image\" \/>\n<meta name=\"twitter:label1\" content=\"Tiempo de lectura\" \/>\n\t<meta name=\"twitter:data1\" content=\"6 minutos\" \/>\n<script type=\"application\/ld+json\" class=\"yoast-schema-graph\">{\"@context\":\"https:\/\/schema.org\",\"@graph\":[{\"@type\":\"WebPage\",\"@id\":\"https:\/\/www.isispharma.com\/es\/cgu\/\",\"url\":\"https:\/\/www.isispharma.com\/es\/cgu\/\",\"name\":\"CGU - Isispharma\",\"isPartOf\":{\"@id\":\"https:\/\/www.isispharma.com\/es\/#website\"},\"primaryImageOfPage\":{\"@id\":\"https:\/\/www.isispharma.com\/es\/cgu\/#primaryimage\"},\"image\":{\"@id\":\"https:\/\/www.isispharma.com\/es\/cgu\/#primaryimage\"},\"thumbnailUrl\":\"https:\/\/www.isispharma.com\/wp-content\/uploads\/2020\/02\/mentions.jpg\",\"datePublished\":\"2020-03-25T14:48:27+00:00\",\"dateModified\":\"2024-06-28T13:48:43+00:00\",\"breadcrumb\":{\"@id\":\"https:\/\/www.isispharma.com\/es\/cgu\/#breadcrumb\"},\"inLanguage\":\"es\",\"potentialAction\":[{\"@type\":\"ReadAction\",\"target\":[\"https:\/\/www.isispharma.com\/es\/cgu\/\"]}]},{\"@type\":\"ImageObject\",\"inLanguage\":\"es\",\"@id\":\"https:\/\/www.isispharma.com\/es\/cgu\/#primaryimage\",\"url\":\"https:\/\/www.isispharma.com\/wp-content\/uploads\/2020\/02\/mentions.jpg\",\"contentUrl\":\"https:\/\/www.isispharma.com\/wp-content\/uploads\/2020\/02\/mentions.jpg\",\"width\":1950,\"height\":1300},{\"@type\":\"BreadcrumbList\",\"@id\":\"https:\/\/www.isispharma.com\/es\/cgu\/#breadcrumb\",\"itemListElement\":[{\"@type\":\"ListItem\",\"position\":1,\"item\":{\"type\":\"Thing\",\"id\":\"https:\/\/www.isispharma.com\/es\/\",\"name\":\"Accueil\"}},{\"@type\":\"ListItem\",\"position\":2,\"item\":{\"type\":\"Thing\",\"id\":\"https:\/\/www.isispharma.com\/es\/wp-json\/wp\/v2\/pages\/1979\/\",\"name\":\"CGU\"}}]},{\"@type\":\"WebSite\",\"@id\":\"https:\/\/www.isispharma.com\/es\/#website\",\"url\":\"https:\/\/www.isispharma.com\/es\/\",\"name\":\"Isispharma\",\"description\":\"Dermatologie\",\"publisher\":{\"@id\":\"https:\/\/www.isispharma.com\/es\/#organization\"},\"potentialAction\":[{\"@type\":\"SearchAction\",\"target\":{\"@type\":\"EntryPoint\",\"urlTemplate\":\"https:\/\/www.isispharma.com\/es\/?s={search_term_string}\"},\"query-input\":\"required name=search_term_string\"}],\"inLanguage\":\"es\"}]}<\/script>\n<!-- \/ Yoast SEO plugin. -->","yoast_head_json":{"title":"CGU - Isispharma","robots":{"index":"index","follow":"follow","max-snippet":"max-snippet:-1","max-image-preview":"max-image-preview:large","max-video-preview":"max-video-preview:-1"},"canonical":"https:\/\/www.isispharma.com\/es\/cgu\/","og_locale":"es_ES","og_type":"article","og_title":"CGU - Isispharma","og_description":"Extendemos la m\u00e1s cordial bienvenida a los usuarios del sitio web http:\/\/www.isispharma.fr\/, desarrollado por la sociedad ISISPHARMA FRANCE y para dar a conocer los productos del laboratorio ISISPHARMA.\u00a0 Las presentes condiciones generales de uso (aqu\u00ed denominadas \u201cCondiciones de uso\u201d) son celebradas entre cada internauta que haga uso de la p\u00e1gina web (aqu\u00ed denominado \u201cUsuario\u201d) y [&hellip;]","og_url":"https:\/\/www.isispharma.com\/es\/cgu\/","og_site_name":"Isispharma","article_modified_time":"2024-06-28T13:48:43+00:00","og_image":[{"width":1950,"height":1300,"url":"https:\/\/www.isispharma.com\/wp-content\/uploads\/2020\/02\/mentions.jpg","type":"image\/jpeg"}],"twitter_card":"summary_large_image","twitter_misc":{"Tiempo de lectura":"6 minutos"},"schema":{"@context":"https:\/\/schema.org","@graph":[{"@type":"WebPage","@id":"https:\/\/www.isispharma.com\/es\/cgu\/","url":"https:\/\/www.isispharma.com\/es\/cgu\/","name":"CGU - Isispharma","isPartOf":{"@id":"https:\/\/www.isispharma.com\/es\/#website"},"primaryImageOfPage":{"@id":"https:\/\/www.isispharma.com\/es\/cgu\/#primaryimage"},"image":{"@id":"https:\/\/www.isispharma.com\/es\/cgu\/#primaryimage"},"thumbnailUrl":"https:\/\/www.isispharma.com\/wp-content\/uploads\/2020\/02\/mentions.jpg","datePublished":"2020-03-25T14:48:27+00:00","dateModified":"2024-06-28T13:48:43+00:00","breadcrumb":{"@id":"https:\/\/www.isispharma.com\/es\/cgu\/#breadcrumb"},"inLanguage":"es","potentialAction":[{"@type":"ReadAction","target":["https:\/\/www.isispharma.com\/es\/cgu\/"]}]},{"@type":"ImageObject","inLanguage":"es","@id":"https:\/\/www.isispharma.com\/es\/cgu\/#primaryimage","url":"https:\/\/www.isispharma.com\/wp-content\/uploads\/2020\/02\/mentions.jpg","contentUrl":"https:\/\/www.isispharma.com\/wp-content\/uploads\/2020\/02\/mentions.jpg","width":1950,"height":1300},{"@type":"BreadcrumbList","@id":"https:\/\/www.isispharma.com\/es\/cgu\/#breadcrumb","itemListElement":[{"@type":"ListItem","position":1,"item":{"type":"Thing","id":"https:\/\/www.isispharma.com\/es\/","name":"Accueil"}},{"@type":"ListItem","position":2,"item":{"type":"Thing","id":"https:\/\/www.isispharma.com\/es\/wp-json\/wp\/v2\/pages\/1979\/","name":"CGU"}}]},{"@type":"WebSite","@id":"https:\/\/www.isispharma.com\/es\/#website","url":"https:\/\/www.isispharma.com\/es\/","name":"Isispharma","description":"Dermatologie","publisher":{"@id":"https:\/\/www.isispharma.com\/es\/#organization"},"potentialAction":[{"@type":"SearchAction","target":{"@type":"EntryPoint","urlTemplate":"https:\/\/www.isispharma.com\/es\/?s={search_term_string}"},"query-input":"required name=search_term_string"}],"inLanguage":"es"}]}},"_links":{"self":[{"href":"https:\/\/www.isispharma.com\/es\/wp-json\/wp\/v2\/pages\/1979"}],"collection":[{"href":"https:\/\/www.isispharma.com\/es\/wp-json\/wp\/v2\/pages"}],"about":[{"href":"https:\/\/www.isispharma.com\/es\/wp-json\/wp\/v2\/types\/page"}],"author":[{"embeddable":true,"href":"https:\/\/www.isispharma.com\/es\/wp-json\/wp\/v2\/users\/3"}],"replies":[{"embeddable":true,"href":"https:\/\/www.isispharma.com\/es\/wp-json\/wp\/v2\/comments?post=1979"}],"version-history":[{"count":3,"href":"https:\/\/www.isispharma.com\/es\/wp-json\/wp\/v2\/pages\/1979\/revisions"}],"predecessor-version":[{"id":5439,"href":"https:\/\/www.isispharma.com\/es\/wp-json\/wp\/v2\/pages\/1979\/revisions\/5439"}],"wp:featuredmedia":[{"embeddable":true,"href":"https:\/\/www.isispharma.com\/es\/wp-json\/wp\/v2\/media\/1486"}],"wp:attachment":[{"href":"https:\/\/www.isispharma.com\/es\/wp-json\/wp\/v2\/media?parent=1979"}],"curies":[{"name":"wp","href":"https:\/\/api.w.org\/{rel}","templated":true}]}}