{"id":1977,"date":"2020-03-25T14:41:32","date_gmt":"2020-03-25T14:41:32","guid":{"rendered":"http:\/\/www.isispharma.com\/?page_id=1977"},"modified":"2024-04-04T09:53:29","modified_gmt":"2024-04-04T09:53:29","slug":"aviso-legal","status":"publish","type":"page","link":"https:\/\/www.isispharma.com\/es\/aviso-legal\/","title":{"rendered":"Aviso Legal"},"content":{"rendered":"<p><strong><span class=\"text-color-grey\">Editor<\/span><\/strong><\/p>\n<p><span style=\"font-weight: 400;\">ISISPHARMA FRANCE, SAS (sociedad por acciones simplificadas que se rige por las leyes francesas) con un capital de 42,006 euros, con sede oficial en #29 avenue de la Marne, Parc des 3 Ch\u00eanes &#8211; 59290 WASQUEHAL, y con n\u00famero de inmatriculaci\u00f3n 499.855.013 RCS Lille M\u00e9tropole.<\/span><\/p>\n<p>Tel\u00e9fono : <a href=\"tel:+33428000400\">04 28 00 04 00<\/a><br \/>\nCorreo electr\u00f3nico : <a href=\"mailto:contact@isispharma.com\">contact@isispharma.com<\/a><\/p>\n<p><span class=\"text-color-grey\"><strong>N\u00famero de identificaci\u00f3n fiscal<\/strong><\/span><\/p>\n<p>FR 50 499 8550 13<\/p>\n<p><strong><span class=\"text-color-grey\">Director de la publicaci\u00f3n<\/span><\/strong><\/p>\n<p>Gr\u00e9goire Dewavrin.<\/p>\n<p><strong><span class=\"text-color-grey\">Gesti\u00f3n editorial<\/span><\/strong><\/p>\n<p><span style=\"font-weight: 400;\">Servicio Digital <\/span>ISISPHARMA FRANCE.<\/p>\n<p><strong><span class=\"text-color-grey\">Alojamiento web<\/span><\/strong><\/p>\n<p>OVH, SAS con el n\u00famero de inmatriculaci\u00f3n 424.761.419 RCS Lille-M\u00e9tropole, y con sede social en #2 rue Kellermann &#8211; 59100 ROUBAIX.<\/p>\n<p><strong><span class=\"text-color-grey\">Dise\u00f1o digital de la p\u00e1gina web<\/span><\/strong><\/p>\n<p><span style=\"font-weight: 400;\"><strong><a href=\"http:\/\/lesanimals.digital\/en\/?utm_source=credit&amp;utm_medium=web&amp;utm_campaign=isipharma\">Les Animals<\/a><br \/>\n<\/strong><\/span><span style=\"font-weight: 400;\">29 rue Ravat \u2014 69002 Lyon, France<\/span><\/p>\n<p><span class=\"text-color-grey\"><strong>T\u00e9cnicas de producci\u00f3n<\/strong><\/span><\/p>\n<p><a href=\"https:\/\/vahumana.fr\/\">Vahumana<\/a> \u2013 #33 rue Maurice Flandin \u2013 69003 Lyon.<\/p>\n<p><strong><span class=\"text-color-grey\">Responsable de fotograf\u00eda<\/span><\/strong><\/p>\n<p>agencia Les Animals.<\/p>\n<p><span class=\"text-color-grey\"><strong>Para mayor informaci\u00f3n<\/strong><\/span><\/p>\n<p>el formulario Contacto siempre est\u00e1 disponible <a href=\"https:\/\/www.isispharma.com\/es\/contacto\/\">aqu\u00ed<\/a>.<\/p>\n<p>La sociedad ISISPHARMA FRANCE pertenece al Grupo DEWAVRIN COSMETICS.<\/p>\n","protected":false},"excerpt":{"rendered":"<p>Editor ISISPHARMA FRANCE, SAS (sociedad por acciones simplificadas que se rige por las leyes francesas) con un capital de 42,006 euros, con sede oficial en #29 avenue de la Marne, Parc des 3 Ch\u00eanes &#8211; 59290 WASQUEHAL, y con n\u00famero de inmatriculaci\u00f3n 499.855.013 RCS Lille M\u00e9tropole. Tel\u00e9fono : 04 28 00 04 00 Correo electr\u00f3nico [&hellip;]<\/p>\n","protected":false},"author":3,"featured_media":1486,"parent":0,"menu_order":13,"comment_status":"closed","ping_status":"closed","template":"","meta":{"footnotes":""},"acf":[],"yoast_head":"<!-- This site is optimized with the Yoast SEO plugin v22.8 - https:\/\/yoast.com\/wordpress\/plugins\/seo\/ -->\n<title>Aviso Legal - Isispharma<\/title>\n<meta name=\"robots\" content=\"index, follow, max-snippet:-1, max-image-preview:large, max-video-preview:-1\" \/>\n<link rel=\"canonical\" href=\"https:\/\/www.isispharma.com\/es\/aviso-legal\/\" \/>\n<meta property=\"og:locale\" content=\"es_ES\" \/>\n<meta property=\"og:type\" content=\"article\" \/>\n<meta property=\"og:title\" content=\"Aviso Legal - Isispharma\" \/>\n<meta property=\"og:description\" content=\"Editor ISISPHARMA FRANCE, SAS (sociedad por acciones simplificadas que se rige por las leyes francesas) con un capital de 42,006 euros, con sede oficial en #29 avenue de la Marne, Parc des 3 Ch\u00eanes &#8211; 59290 WASQUEHAL, y con n\u00famero de inmatriculaci\u00f3n 499.855.013 RCS Lille M\u00e9tropole. Tel\u00e9fono : 04 28 00 04 00 Correo electr\u00f3nico [&hellip;]\" \/>\n<meta property=\"og:url\" content=\"https:\/\/www.isispharma.com\/es\/aviso-legal\/\" \/>\n<meta property=\"og:site_name\" content=\"Isispharma\" \/>\n<meta property=\"article:modified_time\" content=\"2024-04-04T09:53:29+00:00\" \/>\n<meta property=\"og:image\" content=\"https:\/\/www.isispharma.com\/wp-content\/uploads\/2020\/02\/mentions.jpg\" \/>\n\t<meta property=\"og:image:width\" content=\"1950\" \/>\n\t<meta property=\"og:image:height\" content=\"1300\" \/>\n\t<meta property=\"og:image:type\" content=\"image\/jpeg\" \/>\n<meta name=\"twitter:card\" content=\"summary_large_image\" \/>\n<meta name=\"twitter:label1\" content=\"Tiempo de lectura\" \/>\n\t<meta name=\"twitter:data1\" content=\"1 minuto\" \/>\n<script type=\"application\/ld+json\" class=\"yoast-schema-graph\">{\"@context\":\"https:\/\/schema.org\",\"@graph\":[{\"@type\":\"WebPage\",\"@id\":\"https:\/\/www.isispharma.com\/es\/aviso-legal\/\",\"url\":\"https:\/\/www.isispharma.com\/es\/aviso-legal\/\",\"name\":\"Aviso Legal - Isispharma\",\"isPartOf\":{\"@id\":\"https:\/\/www.isispharma.com\/es\/#website\"},\"primaryImageOfPage\":{\"@id\":\"https:\/\/www.isispharma.com\/es\/aviso-legal\/#primaryimage\"},\"image\":{\"@id\":\"https:\/\/www.isispharma.com\/es\/aviso-legal\/#primaryimage\"},\"thumbnailUrl\":\"https:\/\/www.isispharma.com\/wp-content\/uploads\/2020\/02\/mentions.jpg\",\"datePublished\":\"2020-03-25T14:41:32+00:00\",\"dateModified\":\"2024-04-04T09:53:29+00:00\",\"breadcrumb\":{\"@id\":\"https:\/\/www.isispharma.com\/es\/aviso-legal\/#breadcrumb\"},\"inLanguage\":\"es\",\"potentialAction\":[{\"@type\":\"ReadAction\",\"target\":[\"https:\/\/www.isispharma.com\/es\/aviso-legal\/\"]}]},{\"@type\":\"ImageObject\",\"inLanguage\":\"es\",\"@id\":\"https:\/\/www.isispharma.com\/es\/aviso-legal\/#primaryimage\",\"url\":\"https:\/\/www.isispharma.com\/wp-content\/uploads\/2020\/02\/mentions.jpg\",\"contentUrl\":\"https:\/\/www.isispharma.com\/wp-content\/uploads\/2020\/02\/mentions.jpg\",\"width\":1950,\"height\":1300},{\"@type\":\"BreadcrumbList\",\"@id\":\"https:\/\/www.isispharma.com\/es\/aviso-legal\/#breadcrumb\",\"itemListElement\":[{\"@type\":\"ListItem\",\"position\":1,\"item\":{\"type\":\"Thing\",\"id\":\"https:\/\/www.isispharma.com\/es\/\",\"name\":\"Accueil\"}},{\"@type\":\"ListItem\",\"position\":2,\"item\":{\"type\":\"Thing\",\"id\":\"https:\/\/www.isispharma.com\/es\/wp-json\/wp\/v2\/pages\/1977\/\",\"name\":\"Aviso Legal\"}}]},{\"@type\":\"WebSite\",\"@id\":\"https:\/\/www.isispharma.com\/es\/#website\",\"url\":\"https:\/\/www.isispharma.com\/es\/\",\"name\":\"Isispharma\",\"description\":\"Dermatologie\",\"publisher\":{\"@id\":\"https:\/\/www.isispharma.com\/es\/#organization\"},\"potentialAction\":[{\"@type\":\"SearchAction\",\"target\":{\"@type\":\"EntryPoint\",\"urlTemplate\":\"https:\/\/www.isispharma.com\/es\/?s={search_term_string}\"},\"query-input\":\"required name=search_term_string\"}],\"inLanguage\":\"es\"}]}<\/script>\n<!-- \/ Yoast SEO plugin. -->","yoast_head_json":{"title":"Aviso Legal - Isispharma","robots":{"index":"index","follow":"follow","max-snippet":"max-snippet:-1","max-image-preview":"max-image-preview:large","max-video-preview":"max-video-preview:-1"},"canonical":"https:\/\/www.isispharma.com\/es\/aviso-legal\/","og_locale":"es_ES","og_type":"article","og_title":"Aviso Legal - Isispharma","og_description":"Editor ISISPHARMA FRANCE, SAS (sociedad por acciones simplificadas que se rige por las leyes francesas) con un capital de 42,006 euros, con sede oficial en #29 avenue de la Marne, Parc des 3 Ch\u00eanes &#8211; 59290 WASQUEHAL, y con n\u00famero de inmatriculaci\u00f3n 499.855.013 RCS Lille M\u00e9tropole. Tel\u00e9fono : 04 28 00 04 00 Correo electr\u00f3nico [&hellip;]","og_url":"https:\/\/www.isispharma.com\/es\/aviso-legal\/","og_site_name":"Isispharma","article_modified_time":"2024-04-04T09:53:29+00:00","og_image":[{"width":1950,"height":1300,"url":"https:\/\/www.isispharma.com\/wp-content\/uploads\/2020\/02\/mentions.jpg","type":"image\/jpeg"}],"twitter_card":"summary_large_image","twitter_misc":{"Tiempo de lectura":"1 minuto"},"schema":{"@context":"https:\/\/schema.org","@graph":[{"@type":"WebPage","@id":"https:\/\/www.isispharma.com\/es\/aviso-legal\/","url":"https:\/\/www.isispharma.com\/es\/aviso-legal\/","name":"Aviso Legal - Isispharma","isPartOf":{"@id":"https:\/\/www.isispharma.com\/es\/#website"},"primaryImageOfPage":{"@id":"https:\/\/www.isispharma.com\/es\/aviso-legal\/#primaryimage"},"image":{"@id":"https:\/\/www.isispharma.com\/es\/aviso-legal\/#primaryimage"},"thumbnailUrl":"https:\/\/www.isispharma.com\/wp-content\/uploads\/2020\/02\/mentions.jpg","datePublished":"2020-03-25T14:41:32+00:00","dateModified":"2024-04-04T09:53:29+00:00","breadcrumb":{"@id":"https:\/\/www.isispharma.com\/es\/aviso-legal\/#breadcrumb"},"inLanguage":"es","potentialAction":[{"@type":"ReadAction","target":["https:\/\/www.isispharma.com\/es\/aviso-legal\/"]}]},{"@type":"ImageObject","inLanguage":"es","@id":"https:\/\/www.isispharma.com\/es\/aviso-legal\/#primaryimage","url":"https:\/\/www.isispharma.com\/wp-content\/uploads\/2020\/02\/mentions.jpg","contentUrl":"https:\/\/www.isispharma.com\/wp-content\/uploads\/2020\/02\/mentions.jpg","width":1950,"height":1300},{"@type":"BreadcrumbList","@id":"https:\/\/www.isispharma.com\/es\/aviso-legal\/#breadcrumb","itemListElement":[{"@type":"ListItem","position":1,"item":{"type":"Thing","id":"https:\/\/www.isispharma.com\/es\/","name":"Accueil"}},{"@type":"ListItem","position":2,"item":{"type":"Thing","id":"https:\/\/www.isispharma.com\/es\/wp-json\/wp\/v2\/pages\/1977\/","name":"Aviso Legal"}}]},{"@type":"WebSite","@id":"https:\/\/www.isispharma.com\/es\/#website","url":"https:\/\/www.isispharma.com\/es\/","name":"Isispharma","description":"Dermatologie","publisher":{"@id":"https:\/\/www.isispharma.com\/es\/#organization"},"potentialAction":[{"@type":"SearchAction","target":{"@type":"EntryPoint","urlTemplate":"https:\/\/www.isispharma.com\/es\/?s={search_term_string}"},"query-input":"required name=search_term_string"}],"inLanguage":"es"}]}},"_links":{"self":[{"href":"https:\/\/www.isispharma.com\/es\/wp-json\/wp\/v2\/pages\/1977"}],"collection":[{"href":"https:\/\/www.isispharma.com\/es\/wp-json\/wp\/v2\/pages"}],"about":[{"href":"https:\/\/www.isispharma.com\/es\/wp-json\/wp\/v2\/types\/page"}],"author":[{"embeddable":true,"href":"https:\/\/www.isispharma.com\/es\/wp-json\/wp\/v2\/users\/3"}],"replies":[{"embeddable":true,"href":"https:\/\/www.isispharma.com\/es\/wp-json\/wp\/v2\/comments?post=1977"}],"version-history":[{"count":4,"href":"https:\/\/www.isispharma.com\/es\/wp-json\/wp\/v2\/pages\/1977\/revisions"}],"predecessor-version":[{"id":5221,"href":"https:\/\/www.isispharma.com\/es\/wp-json\/wp\/v2\/pages\/1977\/revisions\/5221"}],"wp:featuredmedia":[{"embeddable":true,"href":"https:\/\/www.isispharma.com\/es\/wp-json\/wp\/v2\/media\/1486"}],"wp:attachment":[{"href":"https:\/\/www.isispharma.com\/es\/wp-json\/wp\/v2\/media?parent=1977"}],"curies":[{"name":"wp","href":"https:\/\/api.w.org\/{rel}","templated":true}]}}