{"id":1677,"date":"2020-03-10T18:27:26","date_gmt":"2020-03-10T18:27:26","guid":{"rendered":"http:\/\/www.isispharma.com\/?page_id=1677"},"modified":"2025-04-03T13:01:05","modified_gmt":"2025-04-03T13:01:05","slug":"experiencia-y-conocimientos","status":"publish","type":"page","link":"https:\/\/www.isispharma.com\/es\/el-laboratorio\/experiencia-y-conocimientos\/","title":{"rendered":"Experiencia y conocimientos"},"content":{"rendered":"<div class=\"introduction\">\n<p><span data-sheets-value=\"{&quot;1&quot;:2,&quot;2&quot;:&quot;\\&quot;Combinar la experiencia y conocimientos industriales con la colaboraci\u00f3n cient\u00edfica para juntos desarrollar las soluciones m\u00e1s eficaces\\&quot;.&quot;}\" data-sheets-userformat=\"{&quot;2&quot;:15293,&quot;3&quot;:{&quot;1&quot;:0},&quot;5&quot;:{&quot;1&quot;:[{&quot;1&quot;:2,&quot;2&quot;:0,&quot;5&quot;:{&quot;1&quot;:2,&quot;2&quot;:0}},{&quot;1&quot;:0,&quot;2&quot;:0,&quot;3&quot;:3},{&quot;1&quot;:1,&quot;2&quot;:0,&quot;4&quot;:1}]},&quot;6&quot;:{&quot;1&quot;:[{&quot;1&quot;:2,&quot;2&quot;:0,&quot;5&quot;:{&quot;1&quot;:2,&quot;2&quot;:0}},{&quot;1&quot;:0,&quot;2&quot;:0,&quot;3&quot;:3},{&quot;1&quot;:1,&quot;2&quot;:0,&quot;4&quot;:1}]},&quot;7&quot;:{&quot;1&quot;:[{&quot;1&quot;:2,&quot;2&quot;:0,&quot;5&quot;:{&quot;1&quot;:2,&quot;2&quot;:0}},{&quot;1&quot;:0,&quot;2&quot;:0,&quot;3&quot;:3},{&quot;1&quot;:1,&quot;2&quot;:0,&quot;4&quot;:1}]},&quot;8&quot;:{&quot;1&quot;:[{&quot;1&quot;:2,&quot;2&quot;:0,&quot;5&quot;:{&quot;1&quot;:2,&quot;2&quot;:0}},{&quot;1&quot;:0,&quot;2&quot;:0,&quot;3&quot;:3},{&quot;1&quot;:1,&quot;2&quot;:0,&quot;4&quot;:1}]},&quot;10&quot;:2,&quot;11&quot;:4,&quot;12&quot;:0,&quot;14&quot;:{&quot;1&quot;:2,&quot;2&quot;:0},&quot;15&quot;:&quot;Calibri, sans-serif&quot;,&quot;16&quot;:11}\">Combinar la experiencia y conocimientos industriales con la colaboraci\u00f3n cient\u00edfica para juntos desarrollar las soluciones m\u00e1s eficaces<\/span><\/p>\n<\/div>\n<p>Isispharma es un laboratorio franc\u00e9s experto en el tratamiento de dermatosis inflamatorias y trastornos de la pigmentaci\u00f3n. Formulamos una nueva generaci\u00f3n de soluciones dermatol\u00f3gicas a la vanguardia de la medicina: ultra eficaces y de alta tolerancia. Para aliviar de forma r\u00e1pida y duradera las dolencias f\u00edsicas y emocionales de todos los pacientes que sufren trastornos cut\u00e1neos.<\/p>\n<p><span data-sheets-value=\"{&quot;1&quot;:2,&quot;2&quot;:&quot;Somos especilistas en la homeostasis de la barrera cut\u00e1nea.\\n Ponemos todo de nuestra parte para entender el funcionamiento de la piel, su equilibrio fisiol\u00f3gico, sus mecanismos disruptivos... Para llevar a cabo nuestra misi\u00f3n, invertimos de manera importante en la Investigaci\u00f3n y Desarrollo (I&amp;D) y colaboramos con especialsitas cient\u00edficos e institutos p\u00fablicos de investigaci\u00f3n.\\n \\n Somos expertos reconocidos\\n La calidad y eficacia de nuestros productos especializados en problemas como los des\u00f3rdenes de pigmentaci\u00f3n en la piel o la ros\u00e1cea nos atribuyen un reconocimiento a nivel mundial.\\n \\n Contamos con nuestros propios laboratorios de I&amp;D\\n Seleccionar y combinar activos exclusivos, cl\u00ednicamente probados en nuestro laboratorio de investigaci\u00f3n &amp; desarrollo, nos permite garantizar une eficacia \u00f3ptima a la hora de crear un producto que cumpla con los estrictos requisitos de certificaci\u00f3n y que a su vez sea \u00e9tico. Asimismo, aseguramos el origen de cada uno de los ingredientes usados en nuestras f\u00f3rmulas, cumpliendo con las medidas de seguridad m\u00e1s rigurosas. \\n \\n La producci\u00f3n se realiza en Francia\\n Creemos que es de vital importancia tener un control absoluto de los procesos industariales para poder garantizar productos de la m\u00e1s alta calidad, es por eso que elaboramos nuestros productos en nuestros laboratorios cerca de Lyon, donde la cosm\u00e9tica dermatol\u00f3gica recurre a una rama industrial y cient\u00edfica abundante y diversa.&quot;}\" data-sheets-userformat=\"{&quot;2&quot;:15293,&quot;3&quot;:{&quot;1&quot;:0},&quot;5&quot;:{&quot;1&quot;:[{&quot;1&quot;:2,&quot;2&quot;:0,&quot;5&quot;:{&quot;1&quot;:2,&quot;2&quot;:0}},{&quot;1&quot;:0,&quot;2&quot;:0,&quot;3&quot;:3},{&quot;1&quot;:1,&quot;2&quot;:0,&quot;4&quot;:1}]},&quot;6&quot;:{&quot;1&quot;:[{&quot;1&quot;:2,&quot;2&quot;:0,&quot;5&quot;:{&quot;1&quot;:2,&quot;2&quot;:0}},{&quot;1&quot;:0,&quot;2&quot;:0,&quot;3&quot;:3},{&quot;1&quot;:1,&quot;2&quot;:0,&quot;4&quot;:1}]},&quot;7&quot;:{&quot;1&quot;:[{&quot;1&quot;:2,&quot;2&quot;:0,&quot;5&quot;:{&quot;1&quot;:2,&quot;2&quot;:0}},{&quot;1&quot;:0,&quot;2&quot;:0,&quot;3&quot;:3},{&quot;1&quot;:1,&quot;2&quot;:0,&quot;4&quot;:1}]},&quot;8&quot;:{&quot;1&quot;:[{&quot;1&quot;:2,&quot;2&quot;:0,&quot;5&quot;:{&quot;1&quot;:2,&quot;2&quot;:0}},{&quot;1&quot;:0,&quot;2&quot;:0,&quot;3&quot;:3},{&quot;1&quot;:1,&quot;2&quot;:0,&quot;4&quot;:1}]},&quot;10&quot;:2,&quot;11&quot;:4,&quot;12&quot;:0,&quot;14&quot;:{&quot;1&quot;:2,&quot;2&quot;:0},&quot;15&quot;:&quot;Calibri, sans-serif&quot;,&quot;16&quot;:11}\"><strong>Somos expertos reconocidos<\/strong><br \/>\nLa calidad y eficacia de nuestros productos especializados en problemas como los des\u00f3rdenes de pigmentaci\u00f3n en la piel o la ros\u00e1cea nos atribuyen un reconocimiento a nivel mundial.<\/span><\/p>\n<img decoding=\"async\" class=\"size-medium wp-image-1433 alignleft\" src=\"http:\/\/www.isispharma.com\/wp-content\/uploads\/2020\/02\/expertise-300x199.jpg\" alt=\"\" width=\"300\" height=\"199\" \/>\n<p>&nbsp;<\/p>\n<p><span data-sheets-value=\"{&quot;1&quot;:2,&quot;2&quot;:&quot;Somos especilistas en la homeostasis de la barrera cut\u00e1nea.\\n Ponemos todo de nuestra parte para entender el funcionamiento de la piel, su equilibrio fisiol\u00f3gico, sus mecanismos disruptivos... Para llevar a cabo nuestra misi\u00f3n, invertimos de manera importante en la Investigaci\u00f3n y Desarrollo (I&amp;D) y colaboramos con especialsitas cient\u00edficos e institutos p\u00fablicos de investigaci\u00f3n.\\n \\n Somos expertos reconocidos\\n La calidad y eficacia de nuestros productos especializados en problemas como los des\u00f3rdenes de pigmentaci\u00f3n en la piel o la ros\u00e1cea nos atribuyen un reconocimiento a nivel mundial.\\n \\n Contamos con nuestros propios laboratorios de I&amp;D\\n Seleccionar y combinar activos exclusivos, cl\u00ednicamente probados en nuestro laboratorio de investigaci\u00f3n &amp; desarrollo, nos permite garantizar une eficacia \u00f3ptima a la hora de crear un producto que cumpla con los estrictos requisitos de certificaci\u00f3n y que a su vez sea \u00e9tico. Asimismo, aseguramos el origen de cada uno de los ingredientes usados en nuestras f\u00f3rmulas, cumpliendo con las medidas de seguridad m\u00e1s rigurosas. \\n \\n La producci\u00f3n se realiza en Francia\\n Creemos que es de vital importancia tener un control absoluto de los procesos industariales para poder garantizar productos de la m\u00e1s alta calidad, es por eso que elaboramos nuestros productos en nuestros laboratorios cerca de Lyon, donde la cosm\u00e9tica dermatol\u00f3gica recurre a una rama industrial y cient\u00edfica abundante y diversa.&quot;}\" data-sheets-userformat=\"{&quot;2&quot;:15293,&quot;3&quot;:{&quot;1&quot;:0},&quot;5&quot;:{&quot;1&quot;:[{&quot;1&quot;:2,&quot;2&quot;:0,&quot;5&quot;:{&quot;1&quot;:2,&quot;2&quot;:0}},{&quot;1&quot;:0,&quot;2&quot;:0,&quot;3&quot;:3},{&quot;1&quot;:1,&quot;2&quot;:0,&quot;4&quot;:1}]},&quot;6&quot;:{&quot;1&quot;:[{&quot;1&quot;:2,&quot;2&quot;:0,&quot;5&quot;:{&quot;1&quot;:2,&quot;2&quot;:0}},{&quot;1&quot;:0,&quot;2&quot;:0,&quot;3&quot;:3},{&quot;1&quot;:1,&quot;2&quot;:0,&quot;4&quot;:1}]},&quot;7&quot;:{&quot;1&quot;:[{&quot;1&quot;:2,&quot;2&quot;:0,&quot;5&quot;:{&quot;1&quot;:2,&quot;2&quot;:0}},{&quot;1&quot;:0,&quot;2&quot;:0,&quot;3&quot;:3},{&quot;1&quot;:1,&quot;2&quot;:0,&quot;4&quot;:1}]},&quot;8&quot;:{&quot;1&quot;:[{&quot;1&quot;:2,&quot;2&quot;:0,&quot;5&quot;:{&quot;1&quot;:2,&quot;2&quot;:0}},{&quot;1&quot;:0,&quot;2&quot;:0,&quot;3&quot;:3},{&quot;1&quot;:1,&quot;2&quot;:0,&quot;4&quot;:1}]},&quot;10&quot;:2,&quot;11&quot;:4,&quot;12&quot;:0,&quot;14&quot;:{&quot;1&quot;:2,&quot;2&quot;:0},&quot;15&quot;:&quot;Calibri, sans-serif&quot;,&quot;16&quot;:11}\"><strong>Contamos con nuestros propios laboratorios de I&amp;D<\/strong><br \/>\nSeleccionar y combinar activos exclusivos, cl\u00ednicamente probados en nuestro laboratorio de investigaci\u00f3n &amp; desarrollo, nos permite garantizar une eficacia \u00f3ptima a la hora de crear un producto que cumpla con los estrictos requisitos de certificaci\u00f3n y que a su vez sea \u00e9tico. Asimismo, aseguramos el origen de cada uno de los ingredientes usados en nuestras f\u00f3rmulas, cumpliendo con las medidas de seguridad m\u00e1s rigurosas. <\/span><\/p>\n<p><span data-sheets-value=\"{&quot;1&quot;:2,&quot;2&quot;:&quot;Somos especilistas en la homeostasis de la barrera cut\u00e1nea.\\n Ponemos todo de nuestra parte para entender el funcionamiento de la piel, su equilibrio fisiol\u00f3gico, sus mecanismos disruptivos... Para llevar a cabo nuestra misi\u00f3n, invertimos de manera importante en la Investigaci\u00f3n y Desarrollo (I&amp;D) y colaboramos con especialsitas cient\u00edficos e institutos p\u00fablicos de investigaci\u00f3n.\\n \\n Somos expertos reconocidos\\n La calidad y eficacia de nuestros productos especializados en problemas como los des\u00f3rdenes de pigmentaci\u00f3n en la piel o la ros\u00e1cea nos atribuyen un reconocimiento a nivel mundial.\\n \\n Contamos con nuestros propios laboratorios de I&amp;D\\n Seleccionar y combinar activos exclusivos, cl\u00ednicamente probados en nuestro laboratorio de investigaci\u00f3n &amp; desarrollo, nos permite garantizar une eficacia \u00f3ptima a la hora de crear un producto que cumpla con los estrictos requisitos de certificaci\u00f3n y que a su vez sea \u00e9tico. Asimismo, aseguramos el origen de cada uno de los ingredientes usados en nuestras f\u00f3rmulas, cumpliendo con las medidas de seguridad m\u00e1s rigurosas. \\n \\n La producci\u00f3n se realiza en Francia\\n Creemos que es de vital importancia tener un control absoluto de los procesos industariales para poder garantizar productos de la m\u00e1s alta calidad, es por eso que elaboramos nuestros productos en nuestros laboratorios cerca de Lyon, donde la cosm\u00e9tica dermatol\u00f3gica recurre a una rama industrial y cient\u00edfica abundante y diversa.&quot;}\" data-sheets-userformat=\"{&quot;2&quot;:15293,&quot;3&quot;:{&quot;1&quot;:0},&quot;5&quot;:{&quot;1&quot;:[{&quot;1&quot;:2,&quot;2&quot;:0,&quot;5&quot;:{&quot;1&quot;:2,&quot;2&quot;:0}},{&quot;1&quot;:0,&quot;2&quot;:0,&quot;3&quot;:3},{&quot;1&quot;:1,&quot;2&quot;:0,&quot;4&quot;:1}]},&quot;6&quot;:{&quot;1&quot;:[{&quot;1&quot;:2,&quot;2&quot;:0,&quot;5&quot;:{&quot;1&quot;:2,&quot;2&quot;:0}},{&quot;1&quot;:0,&quot;2&quot;:0,&quot;3&quot;:3},{&quot;1&quot;:1,&quot;2&quot;:0,&quot;4&quot;:1}]},&quot;7&quot;:{&quot;1&quot;:[{&quot;1&quot;:2,&quot;2&quot;:0,&quot;5&quot;:{&quot;1&quot;:2,&quot;2&quot;:0}},{&quot;1&quot;:0,&quot;2&quot;:0,&quot;3&quot;:3},{&quot;1&quot;:1,&quot;2&quot;:0,&quot;4&quot;:1}]},&quot;8&quot;:{&quot;1&quot;:[{&quot;1&quot;:2,&quot;2&quot;:0,&quot;5&quot;:{&quot;1&quot;:2,&quot;2&quot;:0}},{&quot;1&quot;:0,&quot;2&quot;:0,&quot;3&quot;:3},{&quot;1&quot;:1,&quot;2&quot;:0,&quot;4&quot;:1}]},&quot;10&quot;:2,&quot;11&quot;:4,&quot;12&quot;:0,&quot;14&quot;:{&quot;1&quot;:2,&quot;2&quot;:0},&quot;15&quot;:&quot;Calibri, sans-serif&quot;,&quot;16&quot;:11}\"><strong>La producci\u00f3n se realiza en Francia<\/strong><br \/>\nCreemos que es de vital importancia tener un control absoluto de los procesos industriales para poder garantizar productos de la m\u00e1s alta calidad, es por eso que elaboramos nuestros productos en nuestros laboratorios cerca de Lyon, donde la cosm\u00e9tica dermatol\u00f3gica recurre a una rama industrial y cient\u00edfica abundante y diversa.<\/span><\/p>\n","protected":false},"excerpt":{"rendered":"<p>Combinar la experiencia y conocimientos industriales con la colaboraci\u00f3n cient\u00edfica para juntos desarrollar las soluciones m\u00e1s eficaces Isispharma es un laboratorio franc\u00e9s experto en el tratamiento de dermatosis inflamatorias y trastornos de la pigmentaci\u00f3n. Formulamos una nueva generaci\u00f3n de soluciones dermatol\u00f3gicas a la vanguardia de la medicina: ultra eficaces y de alta tolerancia. Para aliviar [&hellip;]<\/p>\n","protected":false},"author":5,"featured_media":1432,"parent":1665,"menu_order":7,"comment_status":"closed","ping_status":"closed","template":"","meta":{"footnotes":""},"acf":[],"yoast_head":"<!-- This site is optimized with the Yoast SEO plugin v22.8 - https:\/\/yoast.com\/wordpress\/plugins\/seo\/ -->\n<title>Experiencia y conocimientos - Isispharma<\/title>\n<meta name=\"robots\" content=\"index, follow, max-snippet:-1, max-image-preview:large, max-video-preview:-1\" \/>\n<link rel=\"canonical\" href=\"https:\/\/www.isispharma.com\/es\/el-laboratorio\/experiencia-y-conocimientos\/\" \/>\n<meta property=\"og:locale\" content=\"es_ES\" \/>\n<meta property=\"og:type\" content=\"article\" \/>\n<meta property=\"og:title\" content=\"Experiencia y conocimientos - Isispharma\" \/>\n<meta property=\"og:description\" content=\"Combinar la experiencia y conocimientos industriales con la colaboraci\u00f3n cient\u00edfica para juntos desarrollar las soluciones m\u00e1s eficaces Isispharma es un laboratorio franc\u00e9s experto en el tratamiento de dermatosis inflamatorias y trastornos de la pigmentaci\u00f3n. Formulamos una nueva generaci\u00f3n de soluciones dermatol\u00f3gicas a la vanguardia de la medicina: ultra eficaces y de alta tolerancia. Para aliviar [&hellip;]\" \/>\n<meta property=\"og:url\" content=\"https:\/\/www.isispharma.com\/es\/el-laboratorio\/experiencia-y-conocimientos\/\" \/>\n<meta property=\"og:site_name\" content=\"Isispharma\" \/>\n<meta property=\"article:modified_time\" content=\"2025-04-03T13:01:05+00:00\" \/>\n<meta property=\"og:image\" content=\"https:\/\/www.isispharma.com\/wp-content\/uploads\/2020\/02\/laboratory-scaled.jpg\" \/>\n\t<meta property=\"og:image:width\" content=\"2560\" \/>\n\t<meta property=\"og:image:height\" content=\"1043\" \/>\n\t<meta property=\"og:image:type\" content=\"image\/jpeg\" \/>\n<meta name=\"twitter:card\" content=\"summary_large_image\" \/>\n<meta name=\"twitter:label1\" content=\"Tiempo de lectura\" \/>\n\t<meta name=\"twitter:data1\" content=\"2 minutos\" \/>\n<script type=\"application\/ld+json\" class=\"yoast-schema-graph\">{\"@context\":\"https:\/\/schema.org\",\"@graph\":[{\"@type\":\"WebPage\",\"@id\":\"https:\/\/www.isispharma.com\/es\/el-laboratorio\/experiencia-y-conocimientos\/\",\"url\":\"https:\/\/www.isispharma.com\/es\/el-laboratorio\/experiencia-y-conocimientos\/\",\"name\":\"Experiencia y conocimientos - Isispharma\",\"isPartOf\":{\"@id\":\"https:\/\/www.isispharma.com\/es\/#website\"},\"primaryImageOfPage\":{\"@id\":\"https:\/\/www.isispharma.com\/es\/el-laboratorio\/experiencia-y-conocimientos\/#primaryimage\"},\"image\":{\"@id\":\"https:\/\/www.isispharma.com\/es\/el-laboratorio\/experiencia-y-conocimientos\/#primaryimage\"},\"thumbnailUrl\":\"https:\/\/www.isispharma.com\/wp-content\/uploads\/2020\/02\/laboratory-scaled.jpg\",\"datePublished\":\"2020-03-10T18:27:26+00:00\",\"dateModified\":\"2025-04-03T13:01:05+00:00\",\"breadcrumb\":{\"@id\":\"https:\/\/www.isispharma.com\/es\/el-laboratorio\/experiencia-y-conocimientos\/#breadcrumb\"},\"inLanguage\":\"es\",\"potentialAction\":[{\"@type\":\"ReadAction\",\"target\":[\"https:\/\/www.isispharma.com\/es\/el-laboratorio\/experiencia-y-conocimientos\/\"]}]},{\"@type\":\"ImageObject\",\"inLanguage\":\"es\",\"@id\":\"https:\/\/www.isispharma.com\/es\/el-laboratorio\/experiencia-y-conocimientos\/#primaryimage\",\"url\":\"https:\/\/www.isispharma.com\/wp-content\/uploads\/2020\/02\/laboratory-scaled.jpg\",\"contentUrl\":\"https:\/\/www.isispharma.com\/wp-content\/uploads\/2020\/02\/laboratory-scaled.jpg\",\"width\":2560,\"height\":1043},{\"@type\":\"BreadcrumbList\",\"@id\":\"https:\/\/www.isispharma.com\/es\/el-laboratorio\/experiencia-y-conocimientos\/#breadcrumb\",\"itemListElement\":[{\"@type\":\"ListItem\",\"position\":1,\"item\":{\"type\":\"Thing\",\"id\":\"https:\/\/www.isispharma.com\/es\/\",\"name\":\"Accueil\"}},{\"@type\":\"ListItem\",\"position\":2,\"item\":{\"type\":\"Thing\",\"id\":\"https:\/\/www.isispharma.com\/es\/el-laboratorio\/acerca-de-isispharma\/\",\"name\":\"El laboratorio\"}},{\"@type\":\"ListItem\",\"position\":3,\"item\":{\"type\":\"Thing\",\"id\":\"https:\/\/www.isispharma.com\/es\/wp-json\/wp\/v2\/pages\/1677\/\",\"name\":\"Experiencia y conocimientos\"}}]},{\"@type\":\"WebSite\",\"@id\":\"https:\/\/www.isispharma.com\/es\/#website\",\"url\":\"https:\/\/www.isispharma.com\/es\/\",\"name\":\"Isispharma\",\"description\":\"Dermatologie\",\"publisher\":{\"@id\":\"https:\/\/www.isispharma.com\/es\/#organization\"},\"potentialAction\":[{\"@type\":\"SearchAction\",\"target\":{\"@type\":\"EntryPoint\",\"urlTemplate\":\"https:\/\/www.isispharma.com\/es\/?s={search_term_string}\"},\"query-input\":\"required name=search_term_string\"}],\"inLanguage\":\"es\"}]}<\/script>\n<!-- \/ Yoast SEO plugin. -->","yoast_head_json":{"title":"Experiencia y conocimientos - Isispharma","robots":{"index":"index","follow":"follow","max-snippet":"max-snippet:-1","max-image-preview":"max-image-preview:large","max-video-preview":"max-video-preview:-1"},"canonical":"https:\/\/www.isispharma.com\/es\/el-laboratorio\/experiencia-y-conocimientos\/","og_locale":"es_ES","og_type":"article","og_title":"Experiencia y conocimientos - Isispharma","og_description":"Combinar la experiencia y conocimientos industriales con la colaboraci\u00f3n cient\u00edfica para juntos desarrollar las soluciones m\u00e1s eficaces Isispharma es un laboratorio franc\u00e9s experto en el tratamiento de dermatosis inflamatorias y trastornos de la pigmentaci\u00f3n. Formulamos una nueva generaci\u00f3n de soluciones dermatol\u00f3gicas a la vanguardia de la medicina: ultra eficaces y de alta tolerancia. Para aliviar [&hellip;]","og_url":"https:\/\/www.isispharma.com\/es\/el-laboratorio\/experiencia-y-conocimientos\/","og_site_name":"Isispharma","article_modified_time":"2025-04-03T13:01:05+00:00","og_image":[{"width":2560,"height":1043,"url":"https:\/\/www.isispharma.com\/wp-content\/uploads\/2020\/02\/laboratory-scaled.jpg","type":"image\/jpeg"}],"twitter_card":"summary_large_image","twitter_misc":{"Tiempo de lectura":"2 minutos"},"schema":{"@context":"https:\/\/schema.org","@graph":[{"@type":"WebPage","@id":"https:\/\/www.isispharma.com\/es\/el-laboratorio\/experiencia-y-conocimientos\/","url":"https:\/\/www.isispharma.com\/es\/el-laboratorio\/experiencia-y-conocimientos\/","name":"Experiencia y conocimientos - Isispharma","isPartOf":{"@id":"https:\/\/www.isispharma.com\/es\/#website"},"primaryImageOfPage":{"@id":"https:\/\/www.isispharma.com\/es\/el-laboratorio\/experiencia-y-conocimientos\/#primaryimage"},"image":{"@id":"https:\/\/www.isispharma.com\/es\/el-laboratorio\/experiencia-y-conocimientos\/#primaryimage"},"thumbnailUrl":"https:\/\/www.isispharma.com\/wp-content\/uploads\/2020\/02\/laboratory-scaled.jpg","datePublished":"2020-03-10T18:27:26+00:00","dateModified":"2025-04-03T13:01:05+00:00","breadcrumb":{"@id":"https:\/\/www.isispharma.com\/es\/el-laboratorio\/experiencia-y-conocimientos\/#breadcrumb"},"inLanguage":"es","potentialAction":[{"@type":"ReadAction","target":["https:\/\/www.isispharma.com\/es\/el-laboratorio\/experiencia-y-conocimientos\/"]}]},{"@type":"ImageObject","inLanguage":"es","@id":"https:\/\/www.isispharma.com\/es\/el-laboratorio\/experiencia-y-conocimientos\/#primaryimage","url":"https:\/\/www.isispharma.com\/wp-content\/uploads\/2020\/02\/laboratory-scaled.jpg","contentUrl":"https:\/\/www.isispharma.com\/wp-content\/uploads\/2020\/02\/laboratory-scaled.jpg","width":2560,"height":1043},{"@type":"BreadcrumbList","@id":"https:\/\/www.isispharma.com\/es\/el-laboratorio\/experiencia-y-conocimientos\/#breadcrumb","itemListElement":[{"@type":"ListItem","position":1,"item":{"type":"Thing","id":"https:\/\/www.isispharma.com\/es\/","name":"Accueil"}},{"@type":"ListItem","position":2,"item":{"type":"Thing","id":"https:\/\/www.isispharma.com\/es\/el-laboratorio\/acerca-de-isispharma\/","name":"El laboratorio"}},{"@type":"ListItem","position":3,"item":{"type":"Thing","id":"https:\/\/www.isispharma.com\/es\/wp-json\/wp\/v2\/pages\/1677\/","name":"Experiencia y conocimientos"}}]},{"@type":"WebSite","@id":"https:\/\/www.isispharma.com\/es\/#website","url":"https:\/\/www.isispharma.com\/es\/","name":"Isispharma","description":"Dermatologie","publisher":{"@id":"https:\/\/www.isispharma.com\/es\/#organization"},"potentialAction":[{"@type":"SearchAction","target":{"@type":"EntryPoint","urlTemplate":"https:\/\/www.isispharma.com\/es\/?s={search_term_string}"},"query-input":"required name=search_term_string"}],"inLanguage":"es"}]}},"_links":{"self":[{"href":"https:\/\/www.isispharma.com\/es\/wp-json\/wp\/v2\/pages\/1677"}],"collection":[{"href":"https:\/\/www.isispharma.com\/es\/wp-json\/wp\/v2\/pages"}],"about":[{"href":"https:\/\/www.isispharma.com\/es\/wp-json\/wp\/v2\/types\/page"}],"author":[{"embeddable":true,"href":"https:\/\/www.isispharma.com\/es\/wp-json\/wp\/v2\/users\/5"}],"replies":[{"embeddable":true,"href":"https:\/\/www.isispharma.com\/es\/wp-json\/wp\/v2\/comments?post=1677"}],"version-history":[{"count":3,"href":"https:\/\/www.isispharma.com\/es\/wp-json\/wp\/v2\/pages\/1677\/revisions"}],"predecessor-version":[{"id":5978,"href":"https:\/\/www.isispharma.com\/es\/wp-json\/wp\/v2\/pages\/1677\/revisions\/5978"}],"up":[{"embeddable":true,"href":"https:\/\/www.isispharma.com\/es\/wp-json\/wp\/v2\/pages\/1665"}],"wp:featuredmedia":[{"embeddable":true,"href":"https:\/\/www.isispharma.com\/es\/wp-json\/wp\/v2\/media\/1432"}],"wp:attachment":[{"href":"https:\/\/www.isispharma.com\/es\/wp-json\/wp\/v2\/media?parent=1677"}],"curies":[{"name":"wp","href":"https:\/\/api.w.org\/{rel}","templated":true}]}}